{"id":7285,"date":"2021-11-05T15:13:45","date_gmt":"2021-11-05T15:13:45","guid":{"rendered":"https:\/\/stax.organicthemes.com\/?page_id=5"},"modified":"2025-11-20T20:23:28","modified_gmt":"2025-11-20T20:23:28","slug":"home","status":"publish","type":"page","link":"https:\/\/gromaindustry.com\/en\/","title":{"rendered":"HOME"},"content":{"rendered":"<div class=\"wp-block-cover alignfull is-light wp-duotone-unset-1\" style=\"min-height:657px;aspect-ratio:unset;\"><video class=\"wp-block-cover__video-background intrinsic-ignore\" autoplay muted loop playsinline src=\"https:\/\/videos.files.wordpress.com\/0nxxx8dK\/websitesi-giris-.mp4\" data-object-fit=\"cover\"><\/video><span aria-hidden=\"true\" class=\"wp-block-cover__background has-black-background-color has-background-dim-0 has-background-dim\"><\/span><div class=\"wp-block-cover__inner-container is-layout-constrained wp-block-cover-is-layout-constrained\">\n<div class=\"wp-block-group alignwide obb-content is-layout-constrained wp-container-core-group-is-layout-c4959559 wp-block-group-is-layout-constrained\" style=\"padding-top:0;padding-right:0;padding-bottom:0;padding-left:0\">\n<div class=\"wp-block-group alignwide is-layout-flow wp-block-group-is-layout-flow\">\n<!-- Biraz daha a\u015fa\u011f\u0131da ortalanm\u0131\u015f Tan\u0131t\u0131m Videosu Butonu -->\n<div style=\"text-align: center; margin-top: 320px;\">\n  <a href=\"https:\/\/www.youtube.com\/watch?v=1t-qeq1_m9U\" \n     target=\"_blank\" \n     rel=\"noopener noreferrer\"\n     style=\"       display: inline-block;       padding: 12px 28px;       background-color: #111827;       color: #ffffff;       text-decoration: none;       border-radius: 999px;       font-family: system-ui, -apple-system, BlinkMacSystemFont, 'Segoe UI', sans-serif;       font-size: 14px;       font-weight: 600;       letter-spacing: 0.05em;       text-transform: uppercase;     \">\n    Watch the Full Video\n  <\/a>\n<\/div>\n\n\n\n<div style=\"height:0px\" aria-hidden=\"true\" class=\"wp-block-spacer\"><\/div>\n<\/div>\n<\/div>\n<\/div><\/div>\n\n\n<!-- ==== KURUMSAL SCROLL DOWN BUTONU ==== -->\n<style>\n  html {\n    scroll-behavior: smooth;\n  }\n\n  .scroll-down-block {\n    margin-top: 60px; \/* Daha a\u015fa\u011f\u0131\/yukar\u0131 almak i\u00e7in bu de\u011feri de\u011fi\u015ftir *\/\n    display: flex;\n    flex-direction: column;\n    align-items: center;\n    gap: 6px;\n    font-family: system-ui, -apple-system, BlinkMacSystemFont, \"Segoe UI\", sans-serif;\n  }\n\n  .scroll-down-btn {\n    width: 56px;\n    height: 56px;\n    border-radius: 999px;\n    border: 1px solid #111827;\n    background: #ffffff;\n    display: flex;\n    align-items: center;\n    justify-content: center;\n    cursor: pointer;\n    transition:\n      background-color 0.18s ease,\n      border-color 0.18s ease,\n      box-shadow 0.18s ease,\n      transform 0.18s ease;\n  }\n\n  .scroll-down-btn:hover {\n    background-color: #111827;\n    border-color: #111827;\n    box-shadow: 0 10px 24px rgba(15, 23, 42, 0.20);\n    transform: translateY(-2px);\n  }\n\n  .scroll-down-arrow {\n    width: 14px;\n    height: 14px;\n    border-left: 2px solid #111827;\n    border-bottom: 2px solid #111827;\n    transform: rotate(-45deg);\n    transition:\n      border-color 0.18s ease,\n      transform 0.18s ease;\n  }\n\n  .scroll-down-btn:hover .scroll-down-arrow {\n    border-color: #ffffff;\n    transform: translateY(2px) rotate(-45deg);\n  }\n\n  .scroll-down-label {\n    font-size: 11px;\n    letter-spacing: 0.18em;\n    text-transform: uppercase;\n    color: #6b7280;\n  }\n<\/style>\n\n<div class=\"scroll-down-block\">\n  <button class=\"scroll-down-btn\" aria-label=\"Scroll Down\"\n    onclick=\"window.scrollBy({ top: window.innerHeight, left: 0, behavior: 'smooth' });\">\n    <div class=\"scroll-down-arrow\"><\/div>\n  <\/button>\n  <div class=\"scroll-down-label\">Scroll Down<\/div>\n<\/div>\n\n\n<div class=\"wp-block-columns alignwide is-layout-flex wp-container-core-columns-is-layout-8414bd6c wp-block-columns-is-layout-flex\" style=\"margin-top:0;margin-bottom:0\">\n<div class=\"wp-block-column is-layout-flow wp-block-column-is-layout-flow\">\n<div class=\"wp-block-obb-position-block alignwide organic-block obb-position  obb-mobile-reset is-layout-flex\" style=\"transform:scale(1);margin-left:-180px;margin-right:0;margin-top:0;left:-48px;bottom:auto;border-radius:6px;box-shadow:0 0 24px #00000040;overflow:hidden;z-index:7\">\n<figure class=\"wp-block-image size-full\"><img data-recalc-dims=\"1\" fetchpriority=\"high\" decoding=\"async\" width=\"6000\" height=\"4000\" data-attachment-id=\"8590\" data-permalink=\"https:\/\/gromaindustry.com\/en\/home\/322a0021\/\" data-orig-file=\"https:\/\/i0.wp.com\/gromaindustry.com\/wp-content\/uploads\/2025\/11\/322A0021.jpg?fit=6000%2C4000&amp;ssl=1\" data-orig-size=\"6000,4000\" data-comments-opened=\"1\" data-image-meta=\"{&quot;aperture&quot;:&quot;4&quot;,&quot;credit&quot;:&quot;&quot;,&quot;camera&quot;:&quot;Canon EOS R6m2&quot;,&quot;caption&quot;:&quot;&quot;,&quot;created_timestamp&quot;:&quot;1733411060&quot;,&quot;copyright&quot;:&quot;&quot;,&quot;focal_length&quot;:&quot;200&quot;,&quot;iso&quot;:&quot;640&quot;,&quot;shutter_speed&quot;:&quot;0.0125&quot;,&quot;title&quot;:&quot;&quot;,&quot;orientation&quot;:&quot;1&quot;}\" data-image-title=\"322A0021\" data-image-description=\"\" data-image-caption=\"\" data-large-file=\"https:\/\/i0.wp.com\/gromaindustry.com\/wp-content\/uploads\/2025\/11\/322A0021.jpg?fit=1024%2C683&amp;ssl=1\" src=\"https:\/\/i0.wp.com\/gromaindustry.com\/wp-content\/uploads\/2025\/11\/322A0021.jpg?resize=6000%2C4000&#038;ssl=1\" alt=\"\" class=\"wp-image-8590\" srcset=\"https:\/\/i0.wp.com\/gromaindustry.com\/wp-content\/uploads\/2025\/11\/322A0021.jpg?w=6000&amp;ssl=1 6000w, https:\/\/i0.wp.com\/gromaindustry.com\/wp-content\/uploads\/2025\/11\/322A0021.jpg?resize=300%2C200&amp;ssl=1 300w, https:\/\/i0.wp.com\/gromaindustry.com\/wp-content\/uploads\/2025\/11\/322A0021.jpg?resize=1024%2C683&amp;ssl=1 1024w, https:\/\/i0.wp.com\/gromaindustry.com\/wp-content\/uploads\/2025\/11\/322A0021.jpg?resize=768%2C512&amp;ssl=1 768w, https:\/\/i0.wp.com\/gromaindustry.com\/wp-content\/uploads\/2025\/11\/322A0021.jpg?resize=1536%2C1024&amp;ssl=1 1536w, https:\/\/i0.wp.com\/gromaindustry.com\/wp-content\/uploads\/2025\/11\/322A0021.jpg?resize=2048%2C1365&amp;ssl=1 2048w, https:\/\/i0.wp.com\/gromaindustry.com\/wp-content\/uploads\/2025\/11\/322A0021.jpg?resize=18%2C12&amp;ssl=1 18w, https:\/\/i0.wp.com\/gromaindustry.com\/wp-content\/uploads\/2025\/11\/322A0021.jpg?w=3000&amp;ssl=1 3000w\" sizes=\"(max-width: 1000px) 100vw, 1000px\" \/><\/figure>\n<\/div>\n<\/div>\n\n\n\n<div class=\"wp-block-column is-vertically-aligned-center is-layout-flow wp-block-column-is-layout-flow\">\n<div class=\"wp-block-group animate__fadeInRight is-layout-constrained wp-block-group-is-layout-constrained\">\n<h2 class=\"wp-block-heading has-huge-font-size\" id=\"full-site-editing\" style=\"font-style:normal;font-weight:300;line-height:0.8\">Manufacturing<\/h2>\n\n\n\n<p class=\"has-normal-font-size wp-block-paragraph\"><strong>Groma<\/strong>,operates with a sense of corporate responsibility, placing employee safety at the forefront. By conducting risk assessments, providing continuous training, and ensuring the use of PPE, we are dedicated to preventing accidents and maintaining a safe, efficient workplace.\u201d<\/p>\n<\/div>\n<\/div>\n<\/div>\n\n\n\n<div style=\"height:120px\" aria-hidden=\"true\" class=\"wp-block-spacer\"><\/div>\n\n\n\n<div class=\"wp-block-media-text alignfull has-media-on-the-right is-stacked-on-mobile is-vertically-aligned-center is-image-fill-element has-bg-light-background-color has-background\" style=\"margin-top:0;margin-right:0;margin-bottom:0;margin-left:0;grid-template-columns:auto 43%\"><div class=\"wp-block-media-text__content\">\n<div class=\"wp-block-group is-layout-constrained wp-container-core-group-is-layout-bd57fbba wp-block-group-is-layout-constrained\">\n<div style=\"height:120px\" aria-hidden=\"true\" class=\"wp-block-spacer\"><\/div>\n\n\n\n<div class=\"wp-block-group animate__fadeInLeft is-layout-constrained wp-block-group-is-layout-constrained\">\n<h2 class=\"wp-block-heading has-text-align-left has-gigantic-font-size\" id=\"totally-customizable\" style=\"font-style:normal;font-weight:300;line-height:1\"><strong>Quality <\/strong><\/h2>\n\n\n\n<p class=\"has-normal-font-size wp-block-paragraph\">Committed to the highest quality standards, we have invested in cutting-edge quality control equipment. From precision measurement tools to advanced testing systems, our zero-defect principle ensures maximum accuracy, reliability, and excellence in every product we deliver.<\/p>\n<\/div>\n\n\n\n<div style=\"height:120px\" aria-hidden=\"true\" class=\"wp-block-spacer\"><\/div>\n<\/div>\n<\/div><figure class=\"wp-block-media-text__media\"><img data-recalc-dims=\"1\" decoding=\"async\" width=\"1024\" height=\"684\" data-attachment-id=\"8691\" data-permalink=\"https:\/\/gromaindustry.com\/en\/home\/iso-9001-kalite-yonetim-sistemi-hizmet\/\" data-orig-file=\"https:\/\/i0.wp.com\/gromaindustry.com\/wp-content\/uploads\/2025\/11\/iso-9001-kalite-yonetim-sistemi-hizmet.jpg?fit=2000%2C1335&amp;ssl=1\" data-orig-size=\"2000,1335\" data-comments-opened=\"1\" data-image-meta=\"{&quot;aperture&quot;:&quot;0&quot;,&quot;credit&quot;:&quot;&quot;,&quot;camera&quot;:&quot;&quot;,&quot;caption&quot;:&quot;&quot;,&quot;created_timestamp&quot;:&quot;0&quot;,&quot;copyright&quot;:&quot;&quot;,&quot;focal_length&quot;:&quot;0&quot;,&quot;iso&quot;:&quot;0&quot;,&quot;shutter_speed&quot;:&quot;0&quot;,&quot;title&quot;:&quot;&quot;,&quot;orientation&quot;:&quot;0&quot;}\" data-image-title=\"iso-9001-kalite-yonetim-sistemi-hizmet\" data-image-description=\"\" data-image-caption=\"\" data-large-file=\"https:\/\/i0.wp.com\/gromaindustry.com\/wp-content\/uploads\/2025\/11\/iso-9001-kalite-yonetim-sistemi-hizmet.jpg?fit=1024%2C684&amp;ssl=1\" src=\"https:\/\/i0.wp.com\/gromaindustry.com\/wp-content\/uploads\/2025\/11\/iso-9001-kalite-yonetim-sistemi-hizmet.jpg?resize=1024%2C684&#038;ssl=1\" alt=\"\" class=\"wp-image-8691 size-full\" style=\"object-position:32% 52%\" srcset=\"https:\/\/i0.wp.com\/gromaindustry.com\/wp-content\/uploads\/2025\/11\/iso-9001-kalite-yonetim-sistemi-hizmet.jpg?resize=1024%2C684&amp;ssl=1 1024w, https:\/\/i0.wp.com\/gromaindustry.com\/wp-content\/uploads\/2025\/11\/iso-9001-kalite-yonetim-sistemi-hizmet.jpg?resize=300%2C200&amp;ssl=1 300w, https:\/\/i0.wp.com\/gromaindustry.com\/wp-content\/uploads\/2025\/11\/iso-9001-kalite-yonetim-sistemi-hizmet.jpg?resize=768%2C513&amp;ssl=1 768w, https:\/\/i0.wp.com\/gromaindustry.com\/wp-content\/uploads\/2025\/11\/iso-9001-kalite-yonetim-sistemi-hizmet.jpg?resize=1536%2C1025&amp;ssl=1 1536w, https:\/\/i0.wp.com\/gromaindustry.com\/wp-content\/uploads\/2025\/11\/iso-9001-kalite-yonetim-sistemi-hizmet.jpg?resize=18%2C12&amp;ssl=1 18w, https:\/\/i0.wp.com\/gromaindustry.com\/wp-content\/uploads\/2025\/11\/iso-9001-kalite-yonetim-sistemi-hizmet.jpg?resize=1200%2C801&amp;ssl=1 1200w, https:\/\/i0.wp.com\/gromaindustry.com\/wp-content\/uploads\/2025\/11\/iso-9001-kalite-yonetim-sistemi-hizmet.jpg?w=2000&amp;ssl=1 2000w\" sizes=\"(max-width: 1000px) 100vw, 1000px\" \/><\/figure><\/div>\n\n\n\n<div class=\"wp-block-columns alignwide is-layout-flex wp-container-core-columns-is-layout-8414bd6c wp-block-columns-is-layout-flex\" style=\"margin-top:0;margin-bottom:0\">\n<div class=\"wp-block-column is-layout-flow wp-block-column-is-layout-flow\">\n<div class=\"wp-block-obb-position-block alignwide organic-block obb-position  obb-mobile-reset is-layout-flex\" style=\"transform:scale(1);margin-left:-180px;margin-right:0;margin-top:0;left:-48px;bottom:auto;border-radius:6px;box-shadow:0 0 24px #00000040;overflow:hidden;z-index:7\">\n<figure class=\"wp-block-image size-full\"><img data-recalc-dims=\"1\" decoding=\"async\" width=\"1380\" height=\"743\" data-attachment-id=\"8693\" data-permalink=\"https:\/\/gromaindustry.com\/en\/home\/6505831d001c3552050505\/\" data-orig-file=\"https:\/\/i0.wp.com\/gromaindustry.com\/wp-content\/uploads\/2025\/11\/6505831d001c3552050505.jpg?fit=1380%2C743&amp;ssl=1\" data-orig-size=\"1380,743\" data-comments-opened=\"1\" data-image-meta=\"{&quot;aperture&quot;:&quot;0&quot;,&quot;credit&quot;:&quot;&quot;,&quot;camera&quot;:&quot;&quot;,&quot;caption&quot;:&quot;&quot;,&quot;created_timestamp&quot;:&quot;0&quot;,&quot;copyright&quot;:&quot;&quot;,&quot;focal_length&quot;:&quot;0&quot;,&quot;iso&quot;:&quot;0&quot;,&quot;shutter_speed&quot;:&quot;0&quot;,&quot;title&quot;:&quot;&quot;,&quot;orientation&quot;:&quot;0&quot;}\" data-image-title=\"6505831d001c3552050505\" data-image-description=\"\" data-image-caption=\"\" data-large-file=\"https:\/\/i0.wp.com\/gromaindustry.com\/wp-content\/uploads\/2025\/11\/6505831d001c3552050505.jpg?fit=1024%2C551&amp;ssl=1\" src=\"https:\/\/i0.wp.com\/gromaindustry.com\/wp-content\/uploads\/2025\/11\/6505831d001c3552050505.jpg?resize=1380%2C743&#038;ssl=1\" alt=\"\" class=\"wp-image-8693\" srcset=\"https:\/\/i0.wp.com\/gromaindustry.com\/wp-content\/uploads\/2025\/11\/6505831d001c3552050505.jpg?w=1380&amp;ssl=1 1380w, https:\/\/i0.wp.com\/gromaindustry.com\/wp-content\/uploads\/2025\/11\/6505831d001c3552050505.jpg?resize=300%2C162&amp;ssl=1 300w, https:\/\/i0.wp.com\/gromaindustry.com\/wp-content\/uploads\/2025\/11\/6505831d001c3552050505.jpg?resize=1024%2C551&amp;ssl=1 1024w, https:\/\/i0.wp.com\/gromaindustry.com\/wp-content\/uploads\/2025\/11\/6505831d001c3552050505.jpg?resize=768%2C413&amp;ssl=1 768w, https:\/\/i0.wp.com\/gromaindustry.com\/wp-content\/uploads\/2025\/11\/6505831d001c3552050505.jpg?resize=18%2C10&amp;ssl=1 18w, https:\/\/i0.wp.com\/gromaindustry.com\/wp-content\/uploads\/2025\/11\/6505831d001c3552050505.jpg?resize=1200%2C646&amp;ssl=1 1200w\" sizes=\"(max-width: 1000px) 100vw, 1000px\" \/><\/figure>\n<\/div>\n<\/div>\n\n\n\n<div class=\"wp-block-column is-vertically-aligned-center is-layout-flow wp-block-column-is-layout-flow\">\n<div class=\"wp-block-group animate__fadeInRight is-layout-constrained wp-block-group-is-layout-constrained\">\n<h6 class=\"wp-block-heading has-medium-gray-color has-text-color\" id=\"stax-features\" style=\"font-style:normal;font-weight:400\">at Groma Industry<\/h6>\n\n\n\n<h2 class=\"wp-block-heading has-huge-font-size\" id=\"full-site-editing\" style=\"font-style:normal;font-weight:300;line-height:0.8\">Workplace Safety<\/h2>\n\n\n\n<p class=\"has-normal-font-size wp-block-paragraph\"><strong>Groma<\/strong>,operates with a sense of corporate responsibility, placing employee safety at the forefront. By conducting risk assessments, providing continuous training, and ensuring the use of PPE, we are dedicated to preventing accidents and maintaining a safe, efficient workplace.\u201d<\/p>\n<\/div>\n<\/div>\n<\/div>","protected":false},"excerpt":{"rendered":"<p>A\u015fa\u011f\u0131 kayd\u0131r \u00dcretim Groma&#8216;da, \u00e7al\u0131\u015fan g\u00fcvenli\u011fini \u00f6nceliklendirerek kurumsal sorumluluk bilinciyle hareket eder. Risk de\u011ferlendirmesi, s\u00fcrekli e\u011fitim ve KKE kullan\u0131m\u0131 ile kazalar\u0131 \u00f6nlemeyi, g\u00fcvenli ve verimli bir \u00e7al\u0131\u015fma ortam\u0131 sa\u011flamay\u0131 taahh\u00fct eder. Groma&#8217;da \u0130\u015f G\u00fcvenli\u011fi Groma&#8216;da, \u00e7al\u0131\u015fan g\u00fcvenli\u011fini \u00f6nceliklendirerek kurumsal sorumluluk bilinciyle hareket eder. Risk de\u011ferlendirmesi, s\u00fcrekli e\u011fitim ve KKE kullan\u0131m\u0131 ile kazalar\u0131 \u00f6nlemeyi, g\u00fcvenli ve [&hellip;]<\/p>\n","protected":false},"author":273000564,"featured_media":0,"parent":0,"menu_order":0,"comment_status":"closed","ping_status":"closed","template":"template-blank","meta":{"_crdt_document":"","advanced_seo_description":"","jetpack_seo_html_title":"","jetpack_seo_noindex":false,"footnotes":""},"class_list":["post-7285","page","type-page","status-publish","hentry"],"jetpack_likes_enabled":true,"jetpack_sharing_enabled":true,"jetpack_shortlink":"https:\/\/wp.me\/PgT6Wi-1Tv","jetpack-related-posts":[],"_links":{"self":[{"href":"https:\/\/gromaindustry.com\/en\/wp-json\/wp\/v2\/pages\/7285","targetHints":{"allow":["GET"]}}],"collection":[{"href":"https:\/\/gromaindustry.com\/en\/wp-json\/wp\/v2\/pages"}],"about":[{"href":"https:\/\/gromaindustry.com\/en\/wp-json\/wp\/v2\/types\/page"}],"author":[{"embeddable":true,"href":"https:\/\/gromaindustry.com\/en\/wp-json\/wp\/v2\/users\/273000564"}],"replies":[{"embeddable":true,"href":"https:\/\/gromaindustry.com\/en\/wp-json\/wp\/v2\/comments?post=7285"}],"version-history":[{"count":100,"href":"https:\/\/gromaindustry.com\/en\/wp-json\/wp\/v2\/pages\/7285\/revisions"}],"predecessor-version":[{"id":8745,"href":"https:\/\/gromaindustry.com\/en\/wp-json\/wp\/v2\/pages\/7285\/revisions\/8745"}],"wp:attachment":[{"href":"https:\/\/gromaindustry.com\/en\/wp-json\/wp\/v2\/media?parent=7285"}],"curies":[{"name":"wp","href":"https:\/\/api.w.org\/{rel}","templated":true}]}}